{"id":86,"date":"2020-02-04T22:36:46","date_gmt":"2020-02-05T04:36:46","guid":{"rendered":"http:\/\/legonz.mx\/?page_id=86"},"modified":"2020-08-20T12:45:47","modified_gmt":"2020-08-20T17:45:47","slug":"contacto","status":"publish","type":"page","link":"https:\/\/legonz.mx\/?page_id=86","title":{"rendered":"Contacto"},"content":{"rendered":"\n<h4 class=\"wp-block-heading\"><strong>Ser\u00e1 un placer atenderte,<\/strong> comun\u00edcate con nosotros<\/h4>\n\n\n\n<p class=\"has-text-align-center has-small-font-size\"> Conocer la opini\u00f3n de nuestros clientes es muy importante para nosotros, extendemos la invitaci\u00f3n a llenar nuestro formulario para solicitar informaci\u00f3n sobre los servicios que ofrecemos. A la brevedad posible, uno de nuestros representantes atender\u00e1 su solicitud. <\/p>\n\n\n\n\n\n<h4 class=\"wp-block-heading\">Comunicate <a href=\"Tel: 5535002050\">(55)<\/a>94543320<\/h4>\n\n\n\n<h2 class=\"wp-block-heading\">Ubicaci\u00f3n<\/h2>\n\n\n\n<p><strong> Lago Alberto No. 442, Torre A, Piso 5, Anzures, 11320, Miguel Hidalgo, CDMX. <\/strong><\/p>\n\n\n\n<h2><\/h2><iframe loading=\"lazy\" src=\"https:\/\/www.google.com\/maps\/embed?pb=!1m18!1m12!1m3!1d3762.3913557074347!2d-99.18022954906726!3d19.43868654545778!2m3!1f0!2f0!3f0!3m2!1i1024!2i768!4f13.1!3m3!1m2!1s0x85d1f8b1cc26d78f%3A0x48b6cc0ec904f409!2sParques%20Plaza%20Nuevo%20Polanco!5e0!3m2!1ses!2smx!4v1590714266661!5m2!1ses!2smx\" width=\"1200\" height=\"500\" frameborder=\"0\" style=\"border:0;\" allowfullscreen=\"\" aria-hidden=\"false\" tabindex=\"0\"><\/iframe>\n\n\n\n<p>Le Gonz Marketing, Trade &amp; Comunication<\/p>\n\n\n\n<p><a href=\"https:\/\/legonz.mx\/?p=349\" target=\"_blank\" rel=\"noreferrer noopener\">Aviso de Privacidad<\/a><\/p>\n","protected":false},"excerpt":{"rendered":"<p>Ser\u00e1 un placer atenderte, comun\u00edcate con nosotros Conocer la opini\u00f3n de nuestros clientes es muy importante para nosotros, extendemos la invitaci\u00f3n a llenar nuestro formulario para solicitar informaci\u00f3n sobre los servicios que ofrecemos. A la brevedad posible, uno de nuestros representantes atender\u00e1 su solicitud. Ubicaci\u00f3n Lago Alberto No. 442, Torre A, Piso 5, Anzures, 11320, [&hellip;]<\/p>\n","protected":false},"author":2,"featured_media":0,"parent":0,"menu_order":0,"comment_status":"closed","ping_status":"closed","template":"","meta":{"footnotes":""},"class_list":["post-86","page","type-page","status-publish","hentry"],"_links":{"self":[{"href":"https:\/\/legonz.mx\/index.php?rest_route=\/wp\/v2\/pages\/86","targetHints":{"allow":["GET"]}}],"collection":[{"href":"https:\/\/legonz.mx\/index.php?rest_route=\/wp\/v2\/pages"}],"about":[{"href":"https:\/\/legonz.mx\/index.php?rest_route=\/wp\/v2\/types\/page"}],"author":[{"embeddable":true,"href":"https:\/\/legonz.mx\/index.php?rest_route=\/wp\/v2\/users\/2"}],"replies":[{"embeddable":true,"href":"https:\/\/legonz.mx\/index.php?rest_route=%2Fwp%2Fv2%2Fcomments&post=86"}],"version-history":[{"count":4,"href":"https:\/\/legonz.mx\/index.php?rest_route=\/wp\/v2\/pages\/86\/revisions"}],"predecessor-version":[{"id":354,"href":"https:\/\/legonz.mx\/index.php?rest_route=\/wp\/v2\/pages\/86\/revisions\/354"}],"wp:attachment":[{"href":"https:\/\/legonz.mx\/index.php?rest_route=%2Fwp%2Fv2%2Fmedia&parent=86"}],"curies":[{"name":"wp","href":"https:\/\/api.w.org\/{rel}","templated":true}]}}