{"id":172,"date":"2020-02-07T22:49:40","date_gmt":"2020-02-08T04:49:40","guid":{"rendered":"http:\/\/legonz.mx\/?page_id=172"},"modified":"2020-02-07T23:12:36","modified_gmt":"2020-02-08T05:12:36","slug":"servicios","status":"publish","type":"page","link":"https:\/\/legonz.mx\/?page_id=172","title":{"rendered":"Servicios"},"content":{"rendered":"\n<h2 class=\"wp-block-heading\"><strong>INVESTIGACI\u00d3N DE MERCADOS<\/strong><\/h2>\n\n\n\n<div class=\"wp-block-media-text alignwide is-stacked-on-mobile is-image-fill\"><figure class=\"wp-block-media-text__media\" style=\"background-image:url(https:\/\/legonz.mx\/wp-content\/uploads\/2020\/01\/OGMT7S0-2-1024x683.jpg);background-position:50% 50%\"><img loading=\"lazy\" decoding=\"async\" width=\"1024\" height=\"683\" src=\"https:\/\/legonz.mx\/wp-content\/uploads\/2020\/01\/OGMT7S0-2-1024x683.jpg\" alt=\"\" class=\"wp-image-33\" srcset=\"https:\/\/legonz.mx\/wp-content\/uploads\/2020\/01\/OGMT7S0-2-1024x683.jpg 1024w, https:\/\/legonz.mx\/wp-content\/uploads\/2020\/01\/OGMT7S0-2-300x200.jpg 300w, https:\/\/legonz.mx\/wp-content\/uploads\/2020\/01\/OGMT7S0-2-768x512.jpg 768w, https:\/\/legonz.mx\/wp-content\/uploads\/2020\/01\/OGMT7S0-2-1536x1024.jpg 1536w, https:\/\/legonz.mx\/wp-content\/uploads\/2020\/01\/OGMT7S0-2-2048x1365.jpg 2048w, https:\/\/legonz.mx\/wp-content\/uploads\/2020\/01\/OGMT7S0-2-1568x1045.jpg 1568w\" sizes=\"auto, (max-width: 1024px) 100vw, 1024px\" \/><\/figure><div class=\"wp-block-media-text__content\">\n<p> Si bien la mayor\u00eda de los lanzamientos de productos en M\u00e9xico son adaptaciones que funcionaron bien en otros mercados, este enfoque no siempre garantiza el \u00e9xito. Las empresas necesitan evaluar a fondo la receptividad de un mercado antes del lanzamiento, o se arriesgan a perder dinero y reputaci\u00f3n. &nbsp;Por lo que para nosotros no basta con encuestar a los clientes potenciales, sino tambi\u00e9n analizar la competencia (tanto leg\u00edtima como indirecta), adem\u00e1s se debe tomar en cuenta el entorno empresarial en el que se debe competir, analizar el lanzamiento, la log\u00edstica y expansi\u00f3n de su producto, las regulaciones y el ambiente pol\u00edtico. &nbsp;<br>La informaci\u00f3n reduce el nivel de incertidumbre en una decisi\u00f3n. }<\/p>\n<\/div><\/div>\n\n\n\n<h2 class=\"wp-block-heading\">     <strong>INTELIGENCIA COMPETITIVA<\/strong><\/h2>\n\n\n\n<div class=\"wp-block-media-text alignwide has-media-on-the-right is-stacked-on-mobile is-image-fill\"><figure class=\"wp-block-media-text__media\" style=\"background-image:url(https:\/\/legonz.mx\/wp-content\/uploads\/2020\/01\/15773-1024x683.jpg);background-position:50% 50%\"><img loading=\"lazy\" decoding=\"async\" width=\"1024\" height=\"683\" src=\"https:\/\/legonz.mx\/wp-content\/uploads\/2020\/01\/15773-1024x683.jpg\" alt=\"\" class=\"wp-image-37\" srcset=\"https:\/\/legonz.mx\/wp-content\/uploads\/2020\/01\/15773-1024x683.jpg 1024w, https:\/\/legonz.mx\/wp-content\/uploads\/2020\/01\/15773-300x200.jpg 300w, https:\/\/legonz.mx\/wp-content\/uploads\/2020\/01\/15773-768x512.jpg 768w, https:\/\/legonz.mx\/wp-content\/uploads\/2020\/01\/15773-1536x1024.jpg 1536w, https:\/\/legonz.mx\/wp-content\/uploads\/2020\/01\/15773-2048x1365.jpg 2048w, https:\/\/legonz.mx\/wp-content\/uploads\/2020\/01\/15773-1568x1045.jpg 1568w\" sizes=\"auto, (max-width: 1024px) 100vw, 1024px\" \/><\/figure><div class=\"wp-block-media-text__content\">\n<p>\n\n\n\n\n\n\n\n\n\n\n&nbsp;Ayudamos a lograr un entendimiento estrat\u00e9gico e\nintegral del entorno competitivo de los mercados en los que participan nuestros\nclientes.\n\n&nbsp;Acompa\u00f1amos a nuestros clientes a desarrollar sistemas\nde inteligencia que brinden conocimiento tanto de los datos propios como de la\ninformaci\u00f3n que genera el mercado.\n\n&nbsp;La labor de inteligencia permite identificar amenazas,\noportunidades y cambios relevantes en el mercado o producto de inter\u00e9s,\noptimizando esfuerzos y planeaci\u00f3n de presupuestos de mercadotecnia y ventas.\n\n&nbsp;Anticiparse es el primer paso para enfrentar a la\ncompetencia.\n\n\n\n\n\n<\/p>\n<\/div><\/div>\n\n\n\n<h2 class=\"wp-block-heading\"><strong>BENCHMARKING DE OPORTUNIDADES<\/strong><\/h2>\n\n\n\n<div class=\"wp-block-media-text alignwide is-stacked-on-mobile is-image-fill\"><figure class=\"wp-block-media-text__media\" style=\"background-image:url(https:\/\/legonz.mx\/wp-content\/uploads\/2020\/01\/21249-1024x681.jpg);background-position:50% 50%\"><img loading=\"lazy\" decoding=\"async\" width=\"1024\" height=\"681\" src=\"https:\/\/legonz.mx\/wp-content\/uploads\/2020\/01\/21249-1024x681.jpg\" alt=\"\" class=\"wp-image-42\" srcset=\"https:\/\/legonz.mx\/wp-content\/uploads\/2020\/01\/21249-1024x681.jpg 1024w, https:\/\/legonz.mx\/wp-content\/uploads\/2020\/01\/21249-300x199.jpg 300w, https:\/\/legonz.mx\/wp-content\/uploads\/2020\/01\/21249-768x511.jpg 768w, https:\/\/legonz.mx\/wp-content\/uploads\/2020\/01\/21249-1536x1021.jpg 1536w, https:\/\/legonz.mx\/wp-content\/uploads\/2020\/01\/21249-2048x1361.jpg 2048w, https:\/\/legonz.mx\/wp-content\/uploads\/2020\/01\/21249-1568x1042.jpg 1568w\" sizes=\"auto, (max-width: 1024px) 100vw, 1024px\" \/><\/figure><div class=\"wp-block-media-text__content\">\n<p>\u00bfEntrar o no a un mercado? Esta simple pregunta resulta un desaf\u00edo en mercados tan diversos como los de M\u00e9xico y Latinoam\u00e9rica, decidir si un mercado es viable o no con un modelo de entendimiento simple y \u00e1gil es la diferencia entre un buen presupuesto de mercadotecnia y ventas con resultados \u00f3ptimos, a tener que informar que se tom\u00f3 la decisi\u00f3n equivocada. &nbsp;&nbsp; &nbsp;<br>Nuestro objetivo es que las oportunidades est\u00e9n acompa\u00f1adas de la mejor informaci\u00f3n y an\u00e1lisis, que soporten verazmente la recomendaci\u00f3n positiva o negativa de entrada a un nuevo mercado. <br>La visi\u00f3n de un tercero en un proceso de decisi\u00f3n permite evaluar de manera objetiva y con elementos \u201cfuera de la caja\u201d, lo que nuestros clientes ya realizan con maestr\u00eda. <\/p>\n<\/div><\/div>\n\n\n\n<h2 class=\"wp-block-heading\"><strong>PUBLICIDAD<\/strong><\/h2>\n\n\n\n<div class=\"wp-block-media-text alignwide has-media-on-the-right is-stacked-on-mobile is-image-fill\"><figure class=\"wp-block-media-text__media\" style=\"background-image:url(https:\/\/legonz.mx\/wp-content\/uploads\/2020\/02\/520500-PIV15G-193-1024x954.jpg);background-position:50% 50%\"><img loading=\"lazy\" decoding=\"async\" width=\"1024\" height=\"954\" src=\"https:\/\/legonz.mx\/wp-content\/uploads\/2020\/02\/520500-PIV15G-193-1024x954.jpg\" alt=\"\" class=\"wp-image-105\" srcset=\"https:\/\/legonz.mx\/wp-content\/uploads\/2020\/02\/520500-PIV15G-193-1024x954.jpg 1024w, https:\/\/legonz.mx\/wp-content\/uploads\/2020\/02\/520500-PIV15G-193-300x280.jpg 300w, https:\/\/legonz.mx\/wp-content\/uploads\/2020\/02\/520500-PIV15G-193-768x716.jpg 768w, https:\/\/legonz.mx\/wp-content\/uploads\/2020\/02\/520500-PIV15G-193-1536x1431.jpg 1536w, https:\/\/legonz.mx\/wp-content\/uploads\/2020\/02\/520500-PIV15G-193-1568x1461.jpg 1568w, https:\/\/legonz.mx\/wp-content\/uploads\/2020\/02\/520500-PIV15G-193.jpg 1983w\" sizes=\"auto, (max-width: 1024px) 100vw, 1024px\" \/><\/figure><div class=\"wp-block-media-text__content\">\n<p>Tanto en lo medios tradicionales (<em>off line<\/em>), como en los 100% digitales (<em>on line<\/em>) tenemos la experiencia y solidez para ayudarte a evaluar, realizar o complementar campa\u00f1as de promoci\u00f3n, activaciones BTL, manejo de redes sociales, SEM, SEO. &nbsp;<br>Podemos gestionar toda tu participaci\u00f3n en eventos, ferias o exposiciones, para que tu solo te preocupes en generar oportunidades de mercado. Contamos con socios estrat\u00e9gicos para generar materiales, imagen corporativa, promocionales, imagen de transportes, etc. <\/p>\n<\/div><\/div>\n\n\n\n<h2 class=\"wp-block-heading\"><strong>REQUERIMIENTOS ESPECIALES<\/strong><\/h2>\n\n\n\n<div class=\"wp-block-media-text alignwide is-stacked-on-mobile\"><figure class=\"wp-block-media-text__media\"><img loading=\"lazy\" decoding=\"async\" width=\"1024\" height=\"683\" src=\"https:\/\/legonz.mx\/wp-content\/uploads\/2020\/01\/123-1024x683.jpg\" alt=\"\" class=\"wp-image-50\" srcset=\"https:\/\/legonz.mx\/wp-content\/uploads\/2020\/01\/123-1024x683.jpg 1024w, https:\/\/legonz.mx\/wp-content\/uploads\/2020\/01\/123-300x200.jpg 300w, https:\/\/legonz.mx\/wp-content\/uploads\/2020\/01\/123-768x512.jpg 768w, https:\/\/legonz.mx\/wp-content\/uploads\/2020\/01\/123-1536x1024.jpg 1536w, https:\/\/legonz.mx\/wp-content\/uploads\/2020\/01\/123-2048x1365.jpg 2048w, https:\/\/legonz.mx\/wp-content\/uploads\/2020\/01\/123-1568x1045.jpg 1568w\" sizes=\"auto, (max-width: 1024px) 100vw, 1024px\" \/><\/figure><div class=\"wp-block-media-text__content\">\n<p class=\"has-large-font-size\">Estamos listos para ser tus socios en tareas de Mercadotecnia Estrat\u00e9gica<\/p>\n<\/div><\/div>\n\n\n\n<p><\/p>\n\n\n\n<h3 class=\"has-text-align-right wp-block-heading\"><strong><a href=\"https:\/\/legonz.mx\/?page_id=86\">PONTE EN CONTACTO<\/a><\/strong><\/h3>\n\n\n\n<p><\/p>\n","protected":false},"excerpt":{"rendered":"<p>INVESTIGACI\u00d3N DE MERCADOS Si bien la mayor\u00eda de los lanzamientos de productos en M\u00e9xico son adaptaciones que funcionaron bien en otros mercados, este enfoque no siempre garantiza el \u00e9xito. Las empresas necesitan evaluar a fondo la receptividad de un mercado antes del lanzamiento, o se arriesgan a perder dinero y reputaci\u00f3n. &nbsp;Por lo que para [&hellip;]<\/p>\n","protected":false},"author":2,"featured_media":0,"parent":0,"menu_order":0,"comment_status":"closed","ping_status":"closed","template":"","meta":{"footnotes":""},"class_list":["post-172","page","type-page","status-publish","hentry"],"_links":{"self":[{"href":"https:\/\/legonz.mx\/index.php?rest_route=\/wp\/v2\/pages\/172","targetHints":{"allow":["GET"]}}],"collection":[{"href":"https:\/\/legonz.mx\/index.php?rest_route=\/wp\/v2\/pages"}],"about":[{"href":"https:\/\/legonz.mx\/index.php?rest_route=\/wp\/v2\/types\/page"}],"author":[{"embeddable":true,"href":"https:\/\/legonz.mx\/index.php?rest_route=\/wp\/v2\/users\/2"}],"replies":[{"embeddable":true,"href":"https:\/\/legonz.mx\/index.php?rest_route=%2Fwp%2Fv2%2Fcomments&post=172"}],"version-history":[{"count":5,"href":"https:\/\/legonz.mx\/index.php?rest_route=\/wp\/v2\/pages\/172\/revisions"}],"predecessor-version":[{"id":198,"href":"https:\/\/legonz.mx\/index.php?rest_route=\/wp\/v2\/pages\/172\/revisions\/198"}],"wp:attachment":[{"href":"https:\/\/legonz.mx\/index.php?rest_route=%2Fwp%2Fv2%2Fmedia&parent=172"}],"curies":[{"name":"wp","href":"https:\/\/api.w.org\/{rel}","templated":true}]}}