{"id":12,"date":"2020-02-04T10:10:00","date_gmt":"2020-02-04T16:10:00","guid":{"rendered":"http:\/\/legonz.mx\/?page_id=12"},"modified":"2020-07-09T12:16:52","modified_gmt":"2020-07-09T17:16:52","slug":"le-gonz-la-alternativa-en-investigacion-de-mercados","status":"publish","type":"page","link":"https:\/\/legonz.mx\/","title":{"rendered":"Le Gonz"},"content":{"rendered":"\n<div class=\"wp-block-cover alignwide has-background-dim-20 has-background-dim\" style=\"background-image:url(https:\/\/legonz.mx\/wp-content\/uploads\/2020\/01\/exito.jpg);min-height:430px;aspect-ratio:unset;\"><div class=\"wp-block-cover__inner-container is-layout-flow wp-block-cover-is-layout-flow\">\n<p style=\"font-size:34px\" class=\"has-text-align-center\">La Soluci\u00f3n en Mercadotecnia, Publicidad e Investigaci\u00f3n de Mercados<\/p>\n<\/div><\/div>\n\n\n\n<div class=\"wp-block-group alignwide\"><div class=\"wp-block-group__inner-container is-layout-flow wp-block-group-is-layout-flow\">\n<p class=\"has-text-align-center\"> Le Gonz es una empresa mexicana de reciente creaci\u00f3n, pero con una extensa trayectoria en los \u00e1mbitos de Mercadotecnia, Inteligencia e Investigaci\u00f3n de Mercados y Publicidad.  <\/p>\n\n\n\n<p class=\"has-text-align-center\"> Con experiencia en agencias de investigaci\u00f3n de mercados y formando \u00e1reas para un importante grupo de empresas mexicanas, reunimos experiencia de m\u00e1s de 30 a\u00f1os dando soluciones y solidez en nuestros proyectos.  <\/p>\n\n\n\n<h4 class=\"has-text-align-center wp-block-heading\"><a href=\"https:\/\/legonz.mx\/?page_id=86\">PONTE EN CONTACTO<\/a><\/h4>\n\n\n\n<p><\/p>\n\n\n\n<p><\/p>\n<\/div><\/div>\n\n\n\n<p><\/p>\n","protected":false},"excerpt":{"rendered":"<p>Le Gonz es una empresa mexicana de reciente creaci\u00f3n, pero con una extensa trayectoria en los \u00e1mbitos de Mercadotecnia, Inteligencia e Investigaci\u00f3n de Mercados y Publicidad. Con experiencia en agencias de investigaci\u00f3n de mercados y formando \u00e1reas para un importante grupo de empresas mexicanas, reunimos experiencia de m\u00e1s de 30 a\u00f1os dando soluciones y solidez [&hellip;]<\/p>\n","protected":false},"author":2,"featured_media":0,"parent":0,"menu_order":1,"comment_status":"closed","ping_status":"closed","template":"","meta":{"footnotes":""},"class_list":["post-12","page","type-page","status-publish","hentry"],"_links":{"self":[{"href":"https:\/\/legonz.mx\/index.php?rest_route=\/wp\/v2\/pages\/12","targetHints":{"allow":["GET"]}}],"collection":[{"href":"https:\/\/legonz.mx\/index.php?rest_route=\/wp\/v2\/pages"}],"about":[{"href":"https:\/\/legonz.mx\/index.php?rest_route=\/wp\/v2\/types\/page"}],"author":[{"embeddable":true,"href":"https:\/\/legonz.mx\/index.php?rest_route=\/wp\/v2\/users\/2"}],"replies":[{"embeddable":true,"href":"https:\/\/legonz.mx\/index.php?rest_route=%2Fwp%2Fv2%2Fcomments&post=12"}],"version-history":[{"count":5,"href":"https:\/\/legonz.mx\/index.php?rest_route=\/wp\/v2\/pages\/12\/revisions"}],"predecessor-version":[{"id":322,"href":"https:\/\/legonz.mx\/index.php?rest_route=\/wp\/v2\/pages\/12\/revisions\/322"}],"wp:attachment":[{"href":"https:\/\/legonz.mx\/index.php?rest_route=%2Fwp%2Fv2%2Fmedia&parent=12"}],"curies":[{"name":"wp","href":"https:\/\/api.w.org\/{rel}","templated":true}]}}